{"id":2,"date":"2024-12-23T15:41:58","date_gmt":"2024-12-23T14:41:58","guid":{"rendered":"http:\/\/uweb:8082\/?page_id=2"},"modified":"2025-01-01T20:12:08","modified_gmt":"2025-01-01T19:12:08","slug":"beispiel-seite","status":"publish","type":"page","link":"https:\/\/edv.volker-dietze.de\/","title":{"rendered":"EDV-Dienstleistungen"},"content":{"rendered":"\n<p>Elektronische Datenverarbeitung (EDV) ist ein sehr weites Feld und wird heute neudeutsch als IT bezeichnet. <\/p>\n\n\n\n<p>Wir bearbeiten folgende Ger\u00e4te:<\/p>\n\n\n\n<ul class=\"wp-block-list\">\n<li>PC, Laptop, NAS, Netzwerkinfrastruktur (Router etc.)<\/li>\n\n\n\n<li>Android Smartphones, Telefone, Telefonanlagen<\/li>\n\n\n\n<li>Server <\/li>\n<\/ul>\n\n\n\n<p>und k\u00fcmmern uns um:<\/p>\n\n\n\n<ul class=\"wp-block-list\">\n<li>Auswahl, Beschaffung, Inbetriebnahme der Ger\u00e4te<\/li>\n\n\n\n<li>Schulung und Unterst\u00fctzung der Benutzer<\/li>\n\n\n\n<li>Problembehebung, Fehlersuche<\/li>\n\n\n\n<li>Konzeption und Erstellung von Internetseiten<\/li>\n\n\n\n<li>Software-Entwicklung und System-Administration<\/li>\n<\/ul>\n\n\n\n<p>Wir verf\u00fcgen \u00fcber Jahrzehnte an Erfahrung im Bereich von Hard- und Software, wenn wir in der Regel auch keine Ger\u00e4te reparieren.<\/p>\n\n\n\n<p><\/p>\n","protected":false},"excerpt":{"rendered":"<p>Elektronische Datenverarbeitung (EDV) ist ein sehr weites Feld und wird heute neudeutsch als IT bezeichnet. Wir bearbeiten folgende Ger\u00e4te: und k\u00fcmmern uns um: Wir verf\u00fcgen \u00fcber Jahrzehnte an Erfahrung im Bereich von Hard- und Software, wenn wir in der Regel auch keine Ger\u00e4te reparieren.<\/p>\n","protected":false},"author":1,"featured_media":0,"parent":0,"menu_order":0,"comment_status":"closed","ping_status":"open","template":"","meta":{"footnotes":""},"class_list":["post-2","page","type-page","status-publish","hentry"],"_links":{"self":[{"href":"https:\/\/edv.volker-dietze.de\/index.php?rest_route=\/wp\/v2\/pages\/2","targetHints":{"allow":["GET"]}}],"collection":[{"href":"https:\/\/edv.volker-dietze.de\/index.php?rest_route=\/wp\/v2\/pages"}],"about":[{"href":"https:\/\/edv.volker-dietze.de\/index.php?rest_route=\/wp\/v2\/types\/page"}],"author":[{"embeddable":true,"href":"https:\/\/edv.volker-dietze.de\/index.php?rest_route=\/wp\/v2\/users\/1"}],"replies":[{"embeddable":true,"href":"https:\/\/edv.volker-dietze.de\/index.php?rest_route=%2Fwp%2Fv2%2Fcomments&post=2"}],"version-history":[{"count":4,"href":"https:\/\/edv.volker-dietze.de\/index.php?rest_route=\/wp\/v2\/pages\/2\/revisions"}],"predecessor-version":[{"id":13,"href":"https:\/\/edv.volker-dietze.de\/index.php?rest_route=\/wp\/v2\/pages\/2\/revisions\/13"}],"wp:attachment":[{"href":"https:\/\/edv.volker-dietze.de\/index.php?rest_route=%2Fwp%2Fv2%2Fmedia&parent=2"}],"curies":[{"name":"wp","href":"https:\/\/api.w.org\/{rel}","templated":true}]}}